{"id":27,"date":"2022-12-23T17:14:33","date_gmt":"2022-12-23T16:14:33","guid":{"rendered":"http:\/\/kancelariaciach.com\/?page_id=27"},"modified":"2023-11-13T11:57:05","modified_gmt":"2023-11-13T10:57:05","slug":"kontakt","status":"publish","type":"page","link":"https:\/\/kancelariaciach.com\/","title":{"rendered":"Kontakt"},"content":{"rendered":"<p>Kancelaria Radcy Prawnego Barbara Ciach<br \/>\nul. Bracka 20 lok. 7a 00-028 Warszawa<br \/>\ntel. + 48 516 803 199<br \/>\nNIP: 7511730192<br \/>\nspotkanie mo\u017cliwe wy\u0142\u0105cznie po wcze\u015bniejszym um\u00f3wieniu<\/p>\n<p><iframe loading=\"lazy\" style=\"border: 0;\" src=\"https:\/\/www.google.com\/maps\/embed?pb=!1m18!1m12!1m3!1d2443.6213955438025!2d21.016851799999994!3d52.23209599999999!2m3!1f0!2f0!3f0!3m2!1i1024!2i768!4f13.1!3m3!1m2!1s0x471eccf41746d8b1%3A0x1070b3af75bcc5c!2sBracka%2020%2C%2000-028%20Warszawa!5e0!3m2!1spl!2spl!4v1674395272236!5m2!1spl!2spl\" allowfullscreen=\"allowfullscreen\" width=\"600\" height=\"450\"><\/iframe><\/p>\n","protected":false},"excerpt":{"rendered":"<p>Kancelaria Radcy Prawnego Barbara Ciach ul. Bracka 20 lok. 7a 00-028 Warszawa tel. + 48 516 803 199 NIP: 7511730192 spotkanie mo\u017cliwe wy\u0142\u0105cznie po wcze\u015bniejszym<\/p>\n","protected":false},"author":1,"featured_media":0,"parent":0,"menu_order":0,"comment_status":"closed","ping_status":"closed","template":"","meta":{"footnotes":""},"class_list":["post-27","page","type-page","status-publish","hentry"],"aioseo_notices":[],"yoast_head":"<!-- This site is optimized with the Yoast SEO plugin v21.5 - https:\/\/yoast.com\/wordpress\/plugins\/seo\/ -->\n<title>Kontakt - Kancelaria Radcy Prawnego Barbara Ciach<\/title>\n<meta name=\"robots\" content=\"index, follow, max-snippet:-1, max-image-preview:large, max-video-preview:-1\" \/>\n<link rel=\"canonical\" href=\"https:\/\/kancelariaciach.com\/\" \/>\n<meta property=\"og:locale\" content=\"pl_PL\" \/>\n<meta property=\"og:type\" content=\"article\" \/>\n<meta property=\"og:title\" content=\"Kontakt - Kancelaria Radcy Prawnego Barbara Ciach\" \/>\n<meta property=\"og:description\" content=\"Kancelaria Radcy Prawnego Barbara Ciach ul. Bracka 20 lok. 7a 00-028 Warszawa tel. + 48 516 803 199 NIP: 7511730192 spotkanie mo\u017cliwe wy\u0142\u0105cznie po wcze\u015bniejszym\" \/>\n<meta property=\"og:url\" content=\"https:\/\/kancelariaciach.com\/\" \/>\n<meta property=\"og:site_name\" content=\"Kancelaria Radcy Prawnego Barbara Ciach\" \/>\n<meta property=\"article:modified_time\" content=\"2023-11-13T10:57:05+00:00\" \/>\n<meta name=\"twitter:card\" content=\"summary_large_image\" \/>\n<meta name=\"twitter:label1\" content=\"Szacowany czas czytania\" \/>\n\t<meta name=\"twitter:data1\" content=\"1 minuta\" \/>\n<script type=\"application\/ld+json\" class=\"yoast-schema-graph\">{\"@context\":\"https:\/\/schema.org\",\"@graph\":[{\"@type\":\"WebPage\",\"@id\":\"https:\/\/kancelariaciach.com\/\",\"url\":\"https:\/\/kancelariaciach.com\/\",\"name\":\"Kontakt - Kancelaria Radcy Prawnego Barbara Ciach\",\"isPartOf\":{\"@id\":\"https:\/\/kancelariaciach.com\/#website\"},\"datePublished\":\"2022-12-23T16:14:33+00:00\",\"dateModified\":\"2023-11-13T10:57:05+00:00\",\"breadcrumb\":{\"@id\":\"https:\/\/kancelariaciach.com\/#breadcrumb\"},\"inLanguage\":\"pl-PL\",\"potentialAction\":[{\"@type\":\"ReadAction\",\"target\":[\"https:\/\/kancelariaciach.com\/\"]}]},{\"@type\":\"BreadcrumbList\",\"@id\":\"https:\/\/kancelariaciach.com\/#breadcrumb\",\"itemListElement\":[{\"@type\":\"ListItem\",\"position\":1,\"name\":\"Strona g\u0142\u00f3wna\",\"item\":\"https:\/\/kancelariaciach.com\/\"},{\"@type\":\"ListItem\",\"position\":2,\"name\":\"Kontakt\"}]},{\"@type\":\"WebSite\",\"@id\":\"https:\/\/kancelariaciach.com\/#website\",\"url\":\"https:\/\/kancelariaciach.com\/\",\"name\":\"Kancelaria Radcy Prawnego Barbara Ciach\",\"description\":\"profesjonalistka w Twojej sprawie\",\"potentialAction\":[{\"@type\":\"SearchAction\",\"target\":{\"@type\":\"EntryPoint\",\"urlTemplate\":\"https:\/\/kancelariaciach.com\/?s={search_term_string}\"},\"query-input\":\"required name=search_term_string\"}],\"inLanguage\":\"pl-PL\"}]}<\/script>\n<!-- \/ Yoast SEO plugin. -->","yoast_head_json":{"title":"Kontakt - Kancelaria Radcy Prawnego Barbara Ciach","robots":{"index":"index","follow":"follow","max-snippet":"max-snippet:-1","max-image-preview":"max-image-preview:large","max-video-preview":"max-video-preview:-1"},"canonical":"https:\/\/kancelariaciach.com\/","og_locale":"pl_PL","og_type":"article","og_title":"Kontakt - Kancelaria Radcy Prawnego Barbara Ciach","og_description":"Kancelaria Radcy Prawnego Barbara Ciach ul. Bracka 20 lok. 7a 00-028 Warszawa tel. + 48 516 803 199 NIP: 7511730192 spotkanie mo\u017cliwe wy\u0142\u0105cznie po wcze\u015bniejszym","og_url":"https:\/\/kancelariaciach.com\/","og_site_name":"Kancelaria Radcy Prawnego Barbara Ciach","article_modified_time":"2023-11-13T10:57:05+00:00","twitter_card":"summary_large_image","twitter_misc":{"Szacowany czas czytania":"1 minuta"},"schema":{"@context":"https:\/\/schema.org","@graph":[{"@type":"WebPage","@id":"https:\/\/kancelariaciach.com\/","url":"https:\/\/kancelariaciach.com\/","name":"Kontakt - Kancelaria Radcy Prawnego Barbara Ciach","isPartOf":{"@id":"https:\/\/kancelariaciach.com\/#website"},"datePublished":"2022-12-23T16:14:33+00:00","dateModified":"2023-11-13T10:57:05+00:00","breadcrumb":{"@id":"https:\/\/kancelariaciach.com\/#breadcrumb"},"inLanguage":"pl-PL","potentialAction":[{"@type":"ReadAction","target":["https:\/\/kancelariaciach.com\/"]}]},{"@type":"BreadcrumbList","@id":"https:\/\/kancelariaciach.com\/#breadcrumb","itemListElement":[{"@type":"ListItem","position":1,"name":"Strona g\u0142\u00f3wna","item":"https:\/\/kancelariaciach.com\/"},{"@type":"ListItem","position":2,"name":"Kontakt"}]},{"@type":"WebSite","@id":"https:\/\/kancelariaciach.com\/#website","url":"https:\/\/kancelariaciach.com\/","name":"Kancelaria Radcy Prawnego Barbara Ciach","description":"profesjonalistka w Twojej sprawie","potentialAction":[{"@type":"SearchAction","target":{"@type":"EntryPoint","urlTemplate":"https:\/\/kancelariaciach.com\/?s={search_term_string}"},"query-input":"required name=search_term_string"}],"inLanguage":"pl-PL"}]}},"_links":{"self":[{"href":"https:\/\/kancelariaciach.com\/index.php\/wp-json\/wp\/v2\/pages\/27","targetHints":{"allow":["GET"]}}],"collection":[{"href":"https:\/\/kancelariaciach.com\/index.php\/wp-json\/wp\/v2\/pages"}],"about":[{"href":"https:\/\/kancelariaciach.com\/index.php\/wp-json\/wp\/v2\/types\/page"}],"author":[{"embeddable":true,"href":"https:\/\/kancelariaciach.com\/index.php\/wp-json\/wp\/v2\/users\/1"}],"replies":[{"embeddable":true,"href":"https:\/\/kancelariaciach.com\/index.php\/wp-json\/wp\/v2\/comments?post=27"}],"version-history":[{"count":9,"href":"https:\/\/kancelariaciach.com\/index.php\/wp-json\/wp\/v2\/pages\/27\/revisions"}],"predecessor-version":[{"id":81,"href":"https:\/\/kancelariaciach.com\/index.php\/wp-json\/wp\/v2\/pages\/27\/revisions\/81"}],"wp:attachment":[{"href":"https:\/\/kancelariaciach.com\/index.php\/wp-json\/wp\/v2\/media?parent=27"}],"curies":[{"name":"wp","href":"https:\/\/api.w.org\/{rel}","templated":true}]}}